{"id":18,"date":"2014-11-11T11:06:25","date_gmt":"2014-11-11T11:06:25","guid":{"rendered":"http:\/\/ts.ii99.ca\/?page_id=18"},"modified":"2024-09-05T14:06:11","modified_gmt":"2024-09-05T14:06:11","slug":"about-us","status":"publish","type":"page","link":"https:\/\/www.ii99.ca\/fr\/about-us\/","title":{"rendered":"About Us"},"content":{"rendered":"<div data-elementor-type=\"wp-page\" data-elementor-id=\"18\" class=\"elementor elementor-18\">\n\t\t\t\t<div class=\"elementor-element elementor-element-180176d e-flex e-con-boxed e-con e-parent\" data-id=\"180176d\" data-element_type=\"container\">\n\t\t\t\t\t<div class=\"e-con-inner\">\n\t\t\t\t<div class=\"elementor-element elementor-element-697508c elementor-position-top elementor-widget elementor-widget-image-box\" data-id=\"697508c\" data-element_type=\"widget\" data-widget_type=\"image-box.default\">\n\t\t\t\t<div class=\"elementor-widget-container\">\n\t\t\t<style>.elementor-widget-image-box .elementor-image-box-content{width:100%}@media (min-width:361px){.elementor-widget-image-box.elementor-position-left .elementor-image-box-wrapper,.elementor-widget-image-box.elementor-position-right .elementor-image-box-wrapper{display:flex}.elementor-widget-image-box.elementor-position-right .elementor-image-box-wrapper{text-align:end;flex-direction:row-reverse}.elementor-widget-image-box.elementor-position-left .elementor-image-box-wrapper{text-align:start;flex-direction:row}.elementor-widget-image-box.elementor-position-top .elementor-image-box-img{margin:auto}.elementor-widget-image-box.elementor-vertical-align-top .elementor-image-box-wrapper{align-items:flex-start}.elementor-widget-image-box.elementor-vertical-align-middle .elementor-image-box-wrapper{align-items:center}.elementor-widget-image-box.elementor-vertical-align-bottom .elementor-image-box-wrapper{align-items:flex-end}}@media (max-width:360px){.elementor-widget-image-box .elementor-image-box-img{margin-left:auto!important;margin-right:auto!important;margin-bottom:15px}}.elementor-widget-image-box .elementor-image-box-img{display:inline-block}.elementor-widget-image-box .elementor-image-box-title a{color:inherit}.elementor-widget-image-box .elementor-image-box-wrapper{text-align:center}.elementor-widget-image-box .elementor-image-box-description{margin:0}<\/style><div class=\"elementor-image-box-wrapper\"><figure class=\"elementor-image-box-img\"><img fetchpriority=\"high\" decoding=\"async\" width=\"1920\" height=\"960\" src=\"https:\/\/www.ii99.ca\/wp-content\/uploads\/2023\/11\/about-us.png\" class=\"attachment-full size-full wp-image-364\" alt=\"\" srcset=\"https:\/\/www.ii99.ca\/wp-content\/uploads\/2023\/11\/about-us.png 1920w, https:\/\/www.ii99.ca\/wp-content\/uploads\/2023\/11\/about-us-150x75.png 150w, https:\/\/www.ii99.ca\/wp-content\/uploads\/2023\/11\/about-us-600x300.png 600w, https:\/\/www.ii99.ca\/wp-content\/uploads\/2023\/11\/about-us-500x250.png 500w, https:\/\/www.ii99.ca\/wp-content\/uploads\/2023\/11\/about-us-1200x600.png 1200w, https:\/\/www.ii99.ca\/wp-content\/uploads\/2023\/11\/about-us-300x150.png 300w, https:\/\/www.ii99.ca\/wp-content\/uploads\/2023\/11\/about-us-768x384.png 768w, https:\/\/www.ii99.ca\/wp-content\/uploads\/2023\/11\/about-us-1536x768.png 1536w, https:\/\/www.ii99.ca\/wp-content\/uploads\/2023\/11\/about-us-480x240.png 480w\" sizes=\"(max-width: 1920px) 100vw, 1920px\" \/><\/figure><div class=\"elementor-image-box-content\"><h3 class=\"elementor-image-box-title\">\u00c0 PROPOS DE ii99<\/h3><p class=\"elementor-image-box-description\">ii99 a \u00e9t\u00e9 fond\u00e9e au Canada en 2022, avec une attention particuli\u00e8re port\u00e9e \u00e0 la recherche et au d\u00e9veloppement (R&amp;D) et \u00e0 la conception de lentilles de contact color\u00e9es et de produits connexes. Les produits \u00ab ii99 \u00bb s'inspirent de la beaut\u00e9 diversifi\u00e9e du monde, alliant savoir-faire, \u00e9l\u00e9ments \u00e9l\u00e9gants et couleurs artistiques.<\/p><\/div><\/div>\t\t<\/div>\n\t\t\t\t<\/div>\n\t\t\t\t<div class=\"elementor-element elementor-element-bfb6c1c elementor-position-top elementor-widget elementor-widget-image-box\" data-id=\"bfb6c1c\" data-element_type=\"widget\" data-widget_type=\"image-box.default\">\n\t\t\t\t<div class=\"elementor-widget-container\">\n\t\t\t<div class=\"elementor-image-box-wrapper\"><figure class=\"elementor-image-box-img\"><img decoding=\"async\" width=\"1920\" height=\"960\" src=\"https:\/\/www.ii99.ca\/wp-content\/uploads\/2023\/11\/our-mission.png\" class=\"attachment-full size-full wp-image-365\" alt=\"\" srcset=\"https:\/\/www.ii99.ca\/wp-content\/uploads\/2023\/11\/our-mission.png 1920w, https:\/\/www.ii99.ca\/wp-content\/uploads\/2023\/11\/our-mission-150x75.png 150w, https:\/\/www.ii99.ca\/wp-content\/uploads\/2023\/11\/our-mission-600x300.png 600w, https:\/\/www.ii99.ca\/wp-content\/uploads\/2023\/11\/our-mission-500x250.png 500w, https:\/\/www.ii99.ca\/wp-content\/uploads\/2023\/11\/our-mission-1200x600.png 1200w, https:\/\/www.ii99.ca\/wp-content\/uploads\/2023\/11\/our-mission-300x150.png 300w, https:\/\/www.ii99.ca\/wp-content\/uploads\/2023\/11\/our-mission-768x384.png 768w, https:\/\/www.ii99.ca\/wp-content\/uploads\/2023\/11\/our-mission-1536x768.png 1536w, https:\/\/www.ii99.ca\/wp-content\/uploads\/2023\/11\/our-mission-480x240.png 480w\" sizes=\"(max-width: 1920px) 100vw, 1920px\" \/><\/figure><div class=\"elementor-image-box-content\"><h3 class=\"elementor-image-box-title\">NOTRE MISSION<\/h3><p class=\"elementor-image-box-description\">La mission d'ii99 est d'inspirer confiance et s\u00e9duction gr\u00e2ce \u00e0 la qualit\u00e9 et \u00e0 l'apparence de nos lentilles color\u00e9es. Chaque fois que vous portez des lentilles ii99, elles vous ouvrent une vision de beaut\u00e9, offrant des possibilit\u00e9s infinies et une lumi\u00e8re \u00e9clatante, vous permettant de voir bien au-del\u00e0.<\/p><\/div><\/div>\t\t<\/div>\n\t\t\t\t<\/div>\n\t\t\t\t<div class=\"elementor-element elementor-element-59b0ec4 elementor-position-top elementor-widget elementor-widget-image-box\" data-id=\"59b0ec4\" data-element_type=\"widget\" data-widget_type=\"image-box.default\">\n\t\t\t\t<div class=\"elementor-widget-container\">\n\t\t\t<div class=\"elementor-image-box-wrapper\"><figure class=\"elementor-image-box-img\"><img decoding=\"async\" width=\"1920\" height=\"960\" src=\"https:\/\/www.ii99.ca\/wp-content\/uploads\/2024\/09\/certificate.webp\" class=\"attachment-full size-full wp-image-21564\" alt=\"\" srcset=\"https:\/\/www.ii99.ca\/wp-content\/uploads\/2024\/09\/certificate.webp 1920w, https:\/\/www.ii99.ca\/wp-content\/uploads\/2024\/09\/certificate-500x250.webp 500w, https:\/\/www.ii99.ca\/wp-content\/uploads\/2024\/09\/certificate-1200x600.webp 1200w, https:\/\/www.ii99.ca\/wp-content\/uploads\/2024\/09\/certificate-300x150.webp 300w, https:\/\/www.ii99.ca\/wp-content\/uploads\/2024\/09\/certificate-768x384.webp 768w, https:\/\/www.ii99.ca\/wp-content\/uploads\/2024\/09\/certificate-1536x768.webp 1536w, https:\/\/www.ii99.ca\/wp-content\/uploads\/2024\/09\/certificate-18x9.webp 18w, https:\/\/www.ii99.ca\/wp-content\/uploads\/2024\/09\/certificate-600x300.webp 600w, https:\/\/www.ii99.ca\/wp-content\/uploads\/2024\/09\/certificate-150x75.webp 150w\" sizes=\"(max-width: 1920px) 100vw, 1920px\" \/><\/figure><div class=\"elementor-image-box-content\"><h3 class=\"elementor-image-box-title\">Titres honorifiques<\/h3><p class=\"elementor-image-box-description\">Votre s\u00e9curit\u00e9 est notre priorit\u00e9. Nous garantissons des lentilles de contact exceptionnellement propres et tr\u00e8s confortables.<\/p><\/div><\/div>\t\t<\/div>\n\t\t\t\t<\/div>\n\t\t\t\t\t<\/div>\n\t\t\t\t<\/div>\n\t\t\t\t<\/div>","protected":false},"excerpt":{"rendered":"<p>ABOUT ii99 ii99 was founded in Canada in 2022, with a primary focus on research and development (R&#038;D) and the design of colored contact lenses and related products. The &#8220;ii99&#8221; products are inspired by the diverse beauty of the world, combining craftsmanship, stylish elements, and artistic colors. OUR MISSION ii99&#8217;s mission is to inspire confidence and allure through the quality and appearance of our colored lenses. Each time you wear ii99 lenses, it opens a vision of beauty, bringing endless possibilities and brilliant light, allowing you to see far beyond. Honorary Qualifications Your safety is our priority. We ensure exceptionally clean and highly comfortable contact lenses.<\/p>","protected":false},"author":1,"featured_media":0,"parent":0,"menu_order":0,"comment_status":"closed","ping_status":"closed","template":"","meta":{"footnotes":""},"class_list":["post-18","page","type-page","status-publish","hentry","post-no-thumbnail"],"_links":{"self":[{"href":"https:\/\/www.ii99.ca\/fr\/wp-json\/wp\/v2\/pages\/18","targetHints":{"allow":["GET"]}}],"collection":[{"href":"https:\/\/www.ii99.ca\/fr\/wp-json\/wp\/v2\/pages"}],"about":[{"href":"https:\/\/www.ii99.ca\/fr\/wp-json\/wp\/v2\/types\/page"}],"author":[{"embeddable":true,"href":"https:\/\/www.ii99.ca\/fr\/wp-json\/wp\/v2\/users\/1"}],"replies":[{"embeddable":true,"href":"https:\/\/www.ii99.ca\/fr\/wp-json\/wp\/v2\/comments?post=18"}],"version-history":[{"count":5,"href":"https:\/\/www.ii99.ca\/fr\/wp-json\/wp\/v2\/pages\/18\/revisions"}],"predecessor-version":[{"id":21567,"href":"https:\/\/www.ii99.ca\/fr\/wp-json\/wp\/v2\/pages\/18\/revisions\/21567"}],"wp:attachment":[{"href":"https:\/\/www.ii99.ca\/fr\/wp-json\/wp\/v2\/media?parent=18"}],"curies":[{"name":"wp","href":"https:\/\/api.w.org\/{rel}","templated":true}]}}